{"id":34,"date":"2024-08-22T11:41:06","date_gmt":"2024-08-22T11:41:06","guid":{"rendered":"https:\/\/tb.make.lt\/?page_id=34"},"modified":"2024-10-17T00:06:42","modified_gmt":"2024-10-16T22:06:42","slug":"tjenester","status":"publish","type":"page","link":"https:\/\/tb.make.lt\/lt\/tjenester\/","title":{"rendered":"Paslaugos"},"content":{"rendered":"<div class=\"wpb-content-wrapper\"><p>[vc_row unlock_row_content=&#8221;yes&#8221; row_height_percent=&#8221;100&#8243; override_padding=&#8221;yes&#8221; h_padding=&#8221;3&#8243; top_padding=&#8221;5&#8243; bottom_padding=&#8221;3&#8243; back_color=&#8221;color-jevc&#8221; back_image=&#8221;435&#8243; overlay_color=&#8221;color-jevc&#8221; overlay_alpha=&#8221;75&#8243; equal_height=&#8221;yes&#8221; gutter_size=&#8221;0&#8243; column_width_percent=&#8221;100&#8243; shift_y=&#8221;0&#8243; z_index=&#8221;0&#8243; content_parallax=&#8221;0&#8243; uncode_shortcode_id=&#8221;742616&#8243; css=&#8221;.vc_custom_1729115566960{border-right-width: 36px !important;border-left-width: 36px !important;}&#8221; back_color_type=&#8221;uncode-palette&#8221; row_name=&#8221;top&#8221; overlay_color_type=&#8221;uncode-palette&#8221; shape_dividers=&#8221;&#8221;][vc_column column_width_percent=&#8221;100&#8243; position_vertical=&#8221;justify&#8221; gutter_size=&#8221;5&#8243; style=&#8221;dark&#8221; overlay_alpha=&#8221;50&#8243; shift_x=&#8221;0&#8243; shift_y=&#8221;0&#8243; shift_y_down=&#8221;0&#8243; z_index=&#8221;0&#8243; medium_width=&#8221;0&#8243; mobile_width=&#8221;0&#8243; css_animation=&#8221;alpha-anim&#8221; animation_speed=&#8221;1600&#8243; width=&#8221;1\/1&#8243; uncode_shortcode_id=&#8221;213155&#8243;][vc_row_inner row_inner_height_percent=&#8221;0&#8243; overlay_alpha=&#8221;50&#8243; gutter_size=&#8221;2&#8243; shift_y=&#8221;0&#8243; z_index=&#8221;0&#8243; limit_content=&#8221;&#8221; uncode_shortcode_id=&#8221;617599&#8243;][vc_column_inner width=&#8221;1\/3&#8243;][\/vc_column_inner][vc_column_inner column_width_percent=&#8221;100&#8243; position_vertical=&#8221;bottom&#8221; gutter_size=&#8221;3&#8243; style=&#8221;dark&#8221; overlay_alpha=&#8221;50&#8243; shift_x=&#8221;0&#8243; shift_y=&#8221;0&#8243; shift_y_down=&#8221;0&#8243; z_index=&#8221;0&#8243; medium_visibility=&#8221;yes&#8221; medium_width=&#8221;0&#8243; mobile_visibility=&#8221;yes&#8221; mobile_width=&#8221;0&#8243; width=&#8221;2\/3&#8243; uncode_shortcode_id=&#8221;209603&#8243; el_class=&#8221;skin-links&#8221;][\/vc_column_inner][\/vc_row_inner][vc_row_inner row_inner_height_percent=&#8221;0&#8243; overlay_alpha=&#8221;50&#8243; gutter_size=&#8221;2&#8243; shift_y=&#8221;0&#8243; z_index=&#8221;0&#8243; limit_content=&#8221;&#8221; uncode_shortcode_id=&#8221;628038&#8243;][vc_column_inner column_width_percent=&#8221;100&#8243; position_vertical=&#8221;middle&#8221; gutter_size=&#8221;3&#8243; style=&#8221;dark&#8221; overlay_alpha=&#8221;50&#8243; shift_x=&#8221;0&#8243; shift_y=&#8221;0&#8243; shift_y_down=&#8221;0&#8243; z_index=&#8221;0&#8243; medium_visibility=&#8221;yes&#8221; medium_width=&#8221;0&#8243; mobile_width=&#8221;0&#8243; width=&#8221;5\/12&#8243; uncode_shortcode_id=&#8221;925045&#8243;][\/vc_column_inner][vc_column_inner column_width_percent=&#8221;100&#8243; gutter_size=&#8221;3&#8243; style=&#8221;dark&#8221; overlay_alpha=&#8221;50&#8243; shift_x=&#8221;0&#8243; shift_y=&#8221;0&#8243; shift_y_down=&#8221;0&#8243; z_index=&#8221;0&#8243; medium_width=&#8221;3&#8243; mobile_width=&#8221;0&#8243; width=&#8221;3\/12&#8243; uncode_shortcode_id=&#8221;379504&#8243;][\/vc_column_inner][vc_column_inner column_width_percent=&#8221;100&#8243; gutter_size=&#8221;3&#8243; style=&#8221;dark&#8221; overlay_alpha=&#8221;50&#8243; shift_x=&#8221;0&#8243; shift_y=&#8221;0&#8243; shift_y_down=&#8221;0&#8243; z_index=&#8221;0&#8243; medium_width=&#8221;5&#8243; mobile_width=&#8221;0&#8243; width=&#8221;4\/12&#8243; uncode_shortcode_id=&#8221;182461&#8243;][vc_custom_heading heading_semantic=&#8221;p&#8221; text_size=&#8221;h6&#8243; css_animation=&#8221;bottom-t-top&#8221; animation_speed=&#8221;400&#8243; uncode_shortcode_id=&#8221;147245&#8243;]Nuo 2012[\/vc_custom_heading][vc_custom_heading heading_semantic=&#8221;h1&#8243; text_size=&#8221;h1&#8243; text_weight=&#8221;700&#8243; css_animation=&#8221;bottom-t-top&#8221; animation_speed=&#8221;500&#8243; uncode_shortcode_id=&#8221;863461&#8243;]M\u016bs\u0173 paslaugos[\/vc_custom_heading][vc_custom_heading heading_semantic=&#8221;h1&#8243; text_size=&#8221;custom&#8221; css_animation=&#8221;bottom-t-top&#8221; animation_speed=&#8221;700&#8243; uncode_shortcode_id=&#8221;181235&#8243; heading_custom_size=&#8221;clamp(18px,4vw,20px)&#8221;]Toten Bygg griovimo paslaugos visoje Norvegijoje[\/vc_custom_heading][vc_empty_space][\/vc_column_inner][\/vc_row_inner][\/vc_column][\/vc_row][vc_row unlock_row_content=&#8221;yes&#8221; row_height_percent=&#8221;0&#8243; override_padding=&#8221;yes&#8221; h_padding=&#8221;2&#8243; top_padding=&#8221;5&#8243; bottom_padding=&#8221;5&#8243; overlay_alpha=&#8221;50&#8243; gutter_size=&#8221;4&#8243; column_width_use_pixel=&#8221;yes&#8221; shift_y=&#8221;0&#8243; z_index=&#8221;0&#8243; uncode_shortcode_id=&#8221;140512&#8243; column_width_pixel=&#8221;1500&#8243; row_name=&#8221;tjenester&#8221;][vc_column width=&#8221;1\/2&#8243;][vc_single_image media=&#8221;434&#8243; media_width_percent=&#8221;100&#8243; media_ratio=&#8221;one-one&#8221; shape=&#8221;img-round&#8221; radius=&#8221;xl&#8221; css_animation=&#8221;bottom-t-top&#8221; uncode_shortcode_id=&#8221;251943&#8243;][\/vc_column][vc_column column_width_percent=&#8221;100&#8243; position_vertical=&#8221;justify&#8221; gutter_size=&#8221;3&#8243; overlay_alpha=&#8221;50&#8243; shift_x=&#8221;0&#8243; shift_y=&#8221;0&#8243; shift_y_down=&#8221;0&#8243; z_index=&#8221;0&#8243; medium_width=&#8221;0&#8243; mobile_width=&#8221;0&#8243; width=&#8221;1\/2&#8243; uncode_shortcode_id=&#8221;200973&#8243;][vc_row_inner limit_content=&#8221;&#8221;][vc_column_inner column_width_percent=&#8221;100&#8243; gutter_size=&#8221;2&#8243; overlay_alpha=&#8221;50&#8243; shift_x=&#8221;0&#8243; shift_y=&#8221;0&#8243; shift_y_down=&#8221;0&#8243; z_index=&#8221;0&#8243; medium_width=&#8221;0&#8243; mobile_width=&#8221;0&#8243; width=&#8221;1\/1&#8243; uncode_shortcode_id=&#8221;205534&#8243;][vc_custom_heading heading_semantic=&#8221;h3&#8243; text_size=&#8221;h1&#8243; css_animation=&#8221;bottom-t-top&#8221; animation_speed=&#8221;500&#8243; uncode_shortcode_id=&#8221;109855&#8243;]K\u0105 Mes Atliekame[\/vc_custom_heading][vc_custom_heading text_color=&#8221;accent&#8221; heading_semantic=&#8221;h1&#8243; text_size=&#8221;h1&#8243; text_weight=&#8221;800&#8243; text_transform=&#8221;uppercase&#8221; css_animation=&#8221;bottom-t-top&#8221; animation_speed=&#8221;600&#8243; uncode_shortcode_id=&#8221;235217&#8243; text_color_type=&#8221;uncode-palette&#8221;]TOTEN BYGG[\/vc_custom_heading][vc_custom_heading heading_semantic=&#8221;p&#8221; text_size=&#8221;custom&#8221; css_animation=&#8221;bottom-t-top&#8221; animation_speed=&#8221;700&#8243; uncode_shortcode_id=&#8221;345617&#8243; heading_custom_size=&#8221;clamp(12px,4vw,16px)&#8221;]Toten Bygg teikia profesionalias griovimo paslaugas visoje Norvegijoje, u\u017etikrindama, kad kiekvienas projektas b\u016bt\u0173 vykdomas atsakingai, greitai ir saugiai. M\u016bs\u0173 komanda r\u016bpinasi visu griovimo procesu \u2013 nuo pradinio planavimo iki visi\u0161ko atliek\u0173 pa\u0161alinimo ir vietos paruo\u0161imo tolesniems darbams. Laikom\u0117s auk\u0161\u010diausi\u0173 saugumo standart\u0173, kad griovimo darbai b\u016bt\u0173 vykdomi be joki\u0173 kli\u016b\u010di\u0173, u\u017etikrinant tiek darbuotoj\u0173, tiek aplinkos saugum\u0105.[\/vc_custom_heading][\/vc_column_inner][\/vc_row_inner][vc_row_inner limit_content=&#8221;&#8221;][vc_column_inner column_width_percent=&#8221;100&#8243; gutter_size=&#8221;3&#8243; overlay_alpha=&#8221;50&#8243; shift_x=&#8221;0&#8243; shift_y=&#8221;0&#8243; shift_y_down=&#8221;0&#8243; z_index=&#8221;0&#8243; medium_width=&#8221;2&#8243; mobile_width=&#8221;4&#8243; width=&#8221;4\/12&#8243; uncode_shortcode_id=&#8221;101139&#8243;][vc_single_image media=&#8221;433&#8243; media_width_percent=&#8221;100&#8243; media_ratio=&#8221;one-one&#8221; shape=&#8221;img-round&#8221; radius=&#8221;xl&#8221; css_animation=&#8221;bottom-t-top&#8221; animation_speed=&#8221;800&#8243; uncode_shortcode_id=&#8221;150163&#8243;][\/vc_column_inner][vc_column_inner column_width_percent=&#8221;100&#8243; position_vertical=&#8221;justify&#8221; gutter_size=&#8221;3&#8243; overlay_alpha=&#8221;50&#8243; shift_x=&#8221;0&#8243; shift_y=&#8221;0&#8243; shift_y_down=&#8221;0&#8243; z_index=&#8221;0&#8243; medium_width=&#8221;6&#8243; mobile_width=&#8221;4&#8243; width=&#8221;5\/12&#8243; uncode_shortcode_id=&#8221;155578&#8243;][vc_column_text text_lead=&#8221;small&#8221; css_animation=&#8221;bottom-t-top&#8221; animation_speed=&#8221;900&#8243; uncode_shortcode_id=&#8221;184404&#8243;]Kiekvienas m\u016bs\u0173 komandos narys yra apmokytas dirbti su pa\u017eangiausiomis technologijomis bei \u012franga, taip u\u017etikrinant auk\u0161\u010diausi\u0105 paslaug\u0173 kokyb\u0119. Toten Bygg komanda siekia ne tik \u012fvykdyti klient\u0173 l\u016bkes\u010dius, bet ir juos pranokti, teikdama individualiai pritaikytus sprendimus bei greit\u0105, patikim\u0105 paslaug\u0173 atlikim\u0105.[\/vc_column_text][\/vc_column_inner][vc_column_inner column_width_percent=&#8221;100&#8243; gutter_size=&#8221;3&#8243; overlay_alpha=&#8221;50&#8243; shift_x=&#8221;0&#8243; shift_y=&#8221;0&#8243; shift_y_down=&#8221;0&#8243; z_index=&#8221;0&#8243; medium_visibility=&#8221;yes&#8221; medium_width=&#8221;0&#8243; mobile_visibility=&#8221;yes&#8221; mobile_width=&#8221;0&#8243; width=&#8221;3\/12&#8243; uncode_shortcode_id=&#8221;164707&#8243;][\/vc_column_inner][\/vc_row_inner][\/vc_column][\/vc_row][vc_row unlock_row_content=&#8221;yes&#8221; row_height_percent=&#8221;0&#8243; override_padding=&#8221;yes&#8221; h_padding=&#8221;5&#8243; top_padding=&#8221;5&#8243; bottom_padding=&#8221;5&#8243; back_color=&#8221;color-xsdn&#8221; overlay_alpha=&#8221;50&#8243; gutter_size=&#8221;4&#8243; column_width_percent=&#8221;100&#8243; shift_y=&#8221;0&#8243; z_index=&#8221;0&#8243; top_divider=&#8221;gradient&#8221; bottom_divider=&#8221;gradient&#8221; inverted_device_order=&#8221;yes&#8221; uncode_shortcode_id=&#8221;371393&#8243; back_color_type=&#8221;uncode-palette&#8221;][vc_column column_width_percent=&#8221;100&#8243; gutter_size=&#8221;3&#8243; overlay_alpha=&#8221;50&#8243; shift_x=&#8221;0&#8243; shift_y=&#8221;0&#8243; shift_y_down=&#8221;0&#8243; z_index=&#8221;0&#8243; medium_width=&#8221;0&#8243; mobile_width=&#8221;0&#8243; css_animation=&#8221;alpha-anim&#8221; animation_speed=&#8221;1000&#8243; width=&#8221;5\/12&#8243; uncode_shortcode_id=&#8221;327424&#8243;][vc_row_inner row_inner_height_percent=&#8221;0&#8243; overlay_alpha=&#8221;50&#8243; equal_height=&#8221;yes&#8221; gutter_size=&#8221;4&#8243; shift_y=&#8221;0&#8243; z_index=&#8221;0&#8243; limit_content=&#8221;&#8221; uncode_shortcode_id=&#8221;146152&#8243;][vc_column_inner column_width_percent=&#8221;100&#8243; gutter_size=&#8221;3&#8243; overlay_alpha=&#8221;50&#8243; shift_x=&#8221;0&#8243; shift_y=&#8221;0&#8243; shift_y_down=&#8221;0&#8243; z_index=&#8221;0&#8243; medium_width=&#8221;4&#8243; mobile_width=&#8221;0&#8243; width=&#8221;5\/12&#8243; uncode_shortcode_id=&#8221;184495&#8243;][vc_custom_heading heading_semantic=&#8221;p&#8221; text_size=&#8221;h3&#8243; uncode_shortcode_id=&#8221;928703&#8243;]Nuo A iki Z[\/vc_custom_heading][uncode_list larger=&#8221;yes&#8221; icon=&#8221;fa fa-minus2&#8243; uncode_shortcode_id=&#8221;399213&#8243;]<\/p>\n<ul>\n<li>Asbesto \u0161alinimas<\/li>\n<li>Demontavimas<\/li>\n<li>Betono pjovimas<\/li>\n<li>Griovimas ir valymas<\/li>\n<li>Lift\u0173 demontavimas<\/li>\n<\/ul>\n<p>[\/uncode_list][\/vc_column_inner][vc_column_inner column_width_percent=&#8221;100&#8243; position_vertical=&#8221;bottom&#8221; gutter_size=&#8221;3&#8243; overlay_alpha=&#8221;50&#8243; shift_x=&#8221;0&#8243; shift_y=&#8221;0&#8243; shift_y_down=&#8221;0&#8243; z_index=&#8221;0&#8243; medium_width=&#8221;4&#8243; mobile_width=&#8221;0&#8243; width=&#8221;5\/12&#8243; uncode_shortcode_id=&#8221;178920&#8243;][uncode_list larger=&#8221;yes&#8221; icon=&#8221;fa fa-minus2&#8243; uncode_shortcode_id=&#8221;305324&#8243;]<\/p>\n<ul>\n<li>Krano paslaugos<\/li>\n<li>PCB \u0161alinimas<\/li>\n<li>Aplinkos tyrimai<\/li>\n<li>Pakartotinis naudojimas<\/li>\n<\/ul>\n<p>[\/uncode_list][\/vc_column_inner][vc_column_inner column_width_percent=&#8221;100&#8243; gutter_size=&#8221;2&#8243; overlay_alpha=&#8221;50&#8243; shift_x=&#8221;0&#8243; shift_y=&#8221;0&#8243; shift_y_down=&#8221;0&#8243; z_index=&#8221;0&#8243; medium_visibility=&#8221;yes&#8221; medium_width=&#8221;0&#8243; mobile_visibility=&#8221;yes&#8221; mobile_width=&#8221;0&#8243; width=&#8221;2\/12&#8243; uncode_shortcode_id=&#8221;679800&#8243;][\/vc_column_inner][\/vc_row_inner][\/vc_column][vc_column column_width_percent=&#8221;100&#8243; position_vertical=&#8221;middle&#8221; gutter_size=&#8221;3&#8243; overlay_alpha=&#8221;50&#8243; shift_x=&#8221;0&#8243; shift_y=&#8221;0&#8243; shift_y_down=&#8221;0&#8243; z_index=&#8221;0&#8243; medium_width=&#8221;0&#8243; mobile_width=&#8221;0&#8243; css_animation=&#8221;alpha-anim&#8221; animation_speed=&#8221;1000&#8243; width=&#8221;7\/12&#8243; uncode_shortcode_id=&#8221;484410&#8243;][vc_custom_heading text_size=&#8221;h3&#8243; uncode_shortcode_id=&#8221;192316&#8243;]Mes nuolat siekiame laikytis naujausi\u0173 pramon\u0117s standart\u0173 ir aplinkosaugos reikalavim\u0173, u\u017etikrindami, kad kiekvienas griovimo projektas atitikt\u0173 \u0161iuolaikines ekologines normas. Prie\u0161 prad\u0117dami griovimo darbus, atliekame i\u0161samius aplinkos tyrimus, kad nustatytume galim\u0105 u\u017eter\u0161tum\u0105 ir pavojingas med\u017eiagas. Toten Bygg taip pat investuoja \u012f pa\u017eangiausias technologijas ir metodus, kurie leid\u017eia mums prisitaikyti prie naujovi\u0173 ir dirbti efektyviau bei saugiau.[\/vc_custom_heading][vc_column_text text_lead=&#8221;yes&#8221; uncode_shortcode_id=&#8221;255195&#8243;]Tvarumas yra vienas i\u0161 pagrindini\u0173 m\u016bs\u0173 prioritet\u0173. Toten Bygg atsakingai demontuoja konstrukcijas ir med\u017eiagas, kad jos gal\u0117t\u0173 b\u016bti pakartotinai panaudotos naujiems projektams. M\u016bs\u0173 komanda r\u016bpinasi, kad kiekviena naudinga med\u017eiaga b\u016bt\u0173 kruop\u0161\u010diai i\u0161montuota ir paruo\u0161ta perdirbimui ar pakartotiniam naudojimui, taip prisid\u0117dama prie atliek\u0173 ma\u017einimo ir aplinkos tausojimo. \u0160is po\u017ei\u016bris ne tik padeda sutaupyti i\u0161tekli\u0173, bet ir kuria prid\u0117tin\u0119 vert\u0119 kiekvienam projektui.[\/vc_column_text][\/vc_column][\/vc_row][vc_row unlock_row_content=&#8221;yes&#8221; row_height_percent=&#8221;0&#8243; override_padding=&#8221;yes&#8221; h_padding=&#8221;0&#8243; top_padding=&#8221;0&#8243; bottom_padding=&#8221;0&#8243; back_color=&#8221;accent&#8221; overlay_alpha=&#8221;50&#8243; gutter_size=&#8221;0&#8243; column_width_percent=&#8221;100&#8243; shift_y=&#8221;0&#8243; z_index=&#8221;0&#8243; uncode_shortcode_id=&#8221;124992&#8243; back_color_type=&#8221;uncode-palette&#8221;][vc_column column_width_percent=&#8221;100&#8243; align_horizontal=&#8221;align_center&#8221; gutter_size=&#8221;3&#8243; style=&#8221;dark&#8221; overlay_alpha=&#8221;50&#8243; shift_x=&#8221;0&#8243; shift_y=&#8221;0&#8243; shift_y_down=&#8221;0&#8243; z_index=&#8221;0&#8243; medium_width=&#8221;0&#8243; mobile_width=&#8221;0&#8243; width=&#8221;1\/1&#8243; uncode_shortcode_id=&#8221;504915&#8243;][vc_row_inner row_inner_height_percent=&#8221;0&#8243; overlay_alpha=&#8221;50&#8243; equal_height=&#8221;yes&#8221; gutter_size=&#8221;0&#8243; shift_y=&#8221;0&#8243; z_index=&#8221;0&#8243; limit_content=&#8221;&#8221;][vc_column_inner column_width_percent=&#8221;100&#8243; gutter_size=&#8221;2&#8243; override_padding=&#8221;yes&#8221; column_padding=&#8221;5&#8243; style=&#8221;dark&#8221; overlay_alpha=&#8221;50&#8243; shift_x=&#8221;0&#8243; shift_y=&#8221;0&#8243; shift_y_down=&#8221;0&#8243; z_index=&#8221;0&#8243; medium_width=&#8221;0&#8243; mobile_width=&#8221;0&#8243; css_animation=&#8221;alpha-anim&#8221; animation_speed=&#8221;1000&#8243; width=&#8221;1\/3&#8243; uncode_shortcode_id=&#8221;342240&#8243;][vc_custom_heading heading_semantic=&#8221;h6&#8243; css_animation=&#8221;bottom-t-top&#8221; animation_speed=&#8221;600&#8243; uncode_shortcode_id=&#8221;243129&#8243;]01[\/vc_custom_heading][vc_custom_heading sub_lead=&#8221;yes&#8221; sub_reduced=&#8221;yes&#8221; css_animation=&#8221;bottom-t-top&#8221; animation_speed=&#8221;700&#8243; subheading=&#8221;Saugumas yra m\u016bs\u0173 pagrindinis prioritetas visose srityse. Dirbdami su \u201eToten Bygg\u201c, galite b\u016bti tikri, kad kiekvienas projektas vykdomas laikantis grie\u017e\u010diausi\u0173 saugumo standart\u0173. Saugumas \u2013 tai m\u016bs\u0173 darbo pagrindas, u\u017etikrinantis darbuotoj\u0173 ir aplinkos gerov\u0119 kiekviename etape.&#8221; uncode_shortcode_id=&#8221;334008&#8243;]Saugumas[\/vc_custom_heading][vc_empty_space empty_h=&#8221;3&#8243; medium_visibility=&#8221;yes&#8221; mobile_visibility=&#8221;yes&#8221;][\/vc_column_inner][vc_column_inner column_width_percent=&#8221;100&#8243; gutter_size=&#8221;2&#8243; override_padding=&#8221;yes&#8221; column_padding=&#8221;5&#8243; style=&#8221;dark&#8221; overlay_color=&#8221;color-jevc&#8221; overlay_alpha=&#8221;5&#8243; shift_x=&#8221;0&#8243; shift_y=&#8221;0&#8243; shift_y_down=&#8221;0&#8243; z_index=&#8221;0&#8243; medium_width=&#8221;0&#8243; mobile_width=&#8221;0&#8243; css_animation=&#8221;alpha-anim&#8221; animation_speed=&#8221;1000&#8243; animation_delay=&#8221;200&#8243; width=&#8221;1\/3&#8243; uncode_shortcode_id=&#8221;107213&#8243; overlay_color_type=&#8221;uncode-palette&#8221;][vc_custom_heading heading_semantic=&#8221;h6&#8243; css_animation=&#8221;bottom-t-top&#8221; animation_speed=&#8221;500&#8243; uncode_shortcode_id=&#8221;130225&#8243;]02[\/vc_custom_heading][vc_custom_heading sub_lead=&#8221;yes&#8221; sub_reduced=&#8221;yes&#8221; css_animation=&#8221;bottom-t-top&#8221; animation_speed=&#8221;800&#8243; subheading=&#8221;Mes vertiname aplinkosaug\u0105 ir atsaking\u0105 i\u0161tekli\u0173 naudojim\u0105. Visi m\u016bs\u0173 projektai atliekami laikantis tvarumo princip\u0173, r\u016b\u0161iuojant ir perdirbant griovimo atliekas bei naudojant pa\u017eangius metodus, siekiant suma\u017einti neigiam\u0105 poveik\u012f aplinkai.&#8221; uncode_shortcode_id=&#8221;172540&#8243;]Tausojimas[\/vc_custom_heading][vc_empty_space empty_h=&#8221;3&#8243; medium_visibility=&#8221;yes&#8221; mobile_visibility=&#8221;yes&#8221;][\/vc_column_inner][vc_column_inner column_width_percent=&#8221;100&#8243; gutter_size=&#8221;2&#8243; override_padding=&#8221;yes&#8221; column_padding=&#8221;5&#8243; style=&#8221;dark&#8221; overlay_color=&#8221;color-jevc&#8221; overlay_alpha=&#8221;10&#8243; shift_x=&#8221;0&#8243; shift_y=&#8221;0&#8243; shift_y_down=&#8221;0&#8243; z_index=&#8221;0&#8243; medium_width=&#8221;0&#8243; mobile_width=&#8221;0&#8243; css_animation=&#8221;alpha-anim&#8221; animation_speed=&#8221;1000&#8243; animation_delay=&#8221;400&#8243; width=&#8221;1\/3&#8243; uncode_shortcode_id=&#8221;518745&#8243; overlay_color_type=&#8221;uncode-palette&#8221;][vc_custom_heading heading_semantic=&#8221;h6&#8243; css_animation=&#8221;bottom-t-top&#8221; uncode_shortcode_id=&#8221;942149&#8243;]03[\/vc_custom_heading][vc_custom_heading sub_lead=&#8221;yes&#8221; sub_reduced=&#8221;yes&#8221; css_animation=&#8221;bottom-t-top&#8221; animation_speed=&#8221;900&#8243; subheading=&#8221;M\u016bs\u0173 vertyb\u0117s yra pagrindas viskam, k\u0105 darome. \u201eToten Bygg\u201c komanda dirba vadovaudamasi atsakomybe, dr\u0105sa ir profesionalumu, kuriant ilgalaikius santykius su klientais ir u\u017etikrinant nepriekai\u0161ting\u0105 kokyb\u0119. Mes tikime, kad kiekvienas projektas turi b\u016bti \u012fgyvendintas su pagarba tiek klientams, tiek aplinkai.&#8221; uncode_shortcode_id=&#8221;142313&#8243;]Vertyb\u0117s[\/vc_custom_heading][vc_empty_space empty_h=&#8221;3&#8243; medium_visibility=&#8221;yes&#8221; mobile_visibility=&#8221;yes&#8221;][\/vc_column_inner][\/vc_row_inner][\/vc_column][\/vc_row]<\/p>\n<\/div>","protected":false},"excerpt":{"rendered":"<p>[vc_row unlock_row_content=&#8221;yes&#8221; row_height_percent=&#8221;100&#8243; override_padding=&#8221;yes&#8221; h_padding=&#8221;3&#8243; top_padding=&#8221;5&#8243; bottom_padding=&#8221;3&#8243; back_color=&#8221;color-jevc&#8221; back_image=&#8221;435&#8243; overlay_color=&#8221;color-jevc&#8221; overlay_alpha=&#8221;75&#8243; equal_height=&#8221;yes&#8221; gutter_size=&#8221;0&#8243; column_width_percent=&#8221;100&#8243; shift_y=&#8221;0&#8243; z_index=&#8221;0&#8243; content_parallax=&#8221;0&#8243; uncode_shortcode_id=&#8221;742616&#8243; css=&#8221;.vc_custom_1729115566960{border-right-width: 36px [&hellip;]<\/p>\n","protected":false},"author":1,"featured_media":0,"parent":0,"menu_order":0,"comment_status":"closed","ping_status":"closed","template":"","meta":{"footnotes":""},"class_list":["post-34","page","type-page","status-publish","hentry"],"aioseo_notices":[],"_links":{"self":[{"href":"https:\/\/tb.make.lt\/lt\/wp-json\/wp\/v2\/pages\/34"}],"collection":[{"href":"https:\/\/tb.make.lt\/lt\/wp-json\/wp\/v2\/pages"}],"about":[{"href":"https:\/\/tb.make.lt\/lt\/wp-json\/wp\/v2\/types\/page"}],"author":[{"embeddable":true,"href":"https:\/\/tb.make.lt\/lt\/wp-json\/wp\/v2\/users\/1"}],"replies":[{"embeddable":true,"href":"https:\/\/tb.make.lt\/lt\/wp-json\/wp\/v2\/comments?post=34"}],"version-history":[{"count":20,"href":"https:\/\/tb.make.lt\/lt\/wp-json\/wp\/v2\/pages\/34\/revisions"}],"predecessor-version":[{"id":212,"href":"https:\/\/tb.make.lt\/lt\/wp-json\/wp\/v2\/pages\/34\/revisions\/212"}],"wp:attachment":[{"href":"https:\/\/tb.make.lt\/lt\/wp-json\/wp\/v2\/media?parent=34"}],"curies":[{"name":"wp","href":"https:\/\/api.w.org\/{rel}","templated":true}]}}