{"id":294,"date":"2024-09-23T10:02:42","date_gmt":"2024-09-23T08:02:42","guid":{"rendered":"https:\/\/tb.make.lt\/?page_id=294"},"modified":"2024-10-17T11:43:29","modified_gmt":"2024-10-17T09:43:29","slug":"erklaering-2024","status":"publish","type":"page","link":"https:\/\/tb.make.lt\/lt\/erklaering-2024\/","title":{"rendered":"pareiskimas 2024"},"content":{"rendered":"<div class=\"wpb-content-wrapper\"><p>[vc_row unlock_row_content=&#8221;yes&#8221; row_height_percent=&#8221;0&#8243; override_padding=&#8221;yes&#8221; h_padding=&#8221;0&#8243; top_padding=&#8221;5&#8243; bottom_padding=&#8221;5&#8243; back_color=&#8221;color-jevc&#8221; overlay_alpha=&#8221;50&#8243; equal_height=&#8221;yes&#8221; gutter_size=&#8221;0&#8243; column_width_percent=&#8221;100&#8243; shift_y=&#8221;0&#8243; z_index=&#8221;0&#8243; content_parallax=&#8221;0&#8243; uncode_shortcode_id=&#8221;146614&#8243; back_color_type=&#8221;uncode-palette&#8221;][vc_column column_width_percent=&#8221;100&#8243; align_horizontal=&#8221;align_center&#8221; gutter_size=&#8221;3&#8243; overlay_alpha=&#8221;50&#8243; shift_x=&#8221;0&#8243; shift_y=&#8221;0&#8243; shift_y_down=&#8221;0&#8243; z_index=&#8221;0&#8243; medium_width=&#8221;0&#8243; mobile_width=&#8221;0&#8243; width=&#8221;2\/12&#8243; uncode_shortcode_id=&#8221;129334&#8243;][\/vc_column][vc_column column_width_percent=&#8221;100&#8243; gutter_size=&#8221;4&#8243; override_padding=&#8221;yes&#8221; column_padding=&#8221;2&#8243; style=&#8221;dark&#8221; overlay_alpha=&#8221;50&#8243; shift_x=&#8221;0&#8243; shift_y=&#8221;0&#8243; shift_y_down=&#8221;0&#8243; z_index=&#8221;0&#8243; medium_width=&#8221;0&#8243; mobile_width=&#8221;0&#8243; css_animation=&#8221;alpha-anim&#8221; animation_speed=&#8221;1000&#8243; width=&#8221;8\/12&#8243; uncode_shortcode_id=&#8221;147435&#8243;][vc_row_inner row_inner_height_percent=&#8221;0&#8243; overlay_alpha=&#8221;50&#8243; gutter_size=&#8221;3&#8243; shift_y=&#8221;0&#8243; z_index=&#8221;0&#8243; uncode_shortcode_id=&#8221;213350&#8243; limit_content=&#8221;&#8221;][vc_column_inner column_width_percent=&#8221;100&#8243; gutter_size=&#8221;3&#8243; style=&#8221;dark&#8221; overlay_alpha=&#8221;50&#8243; shift_x=&#8221;0&#8243; shift_y=&#8221;0&#8243; shift_y_down=&#8221;0&#8243; z_index=&#8221;0&#8243; medium_width=&#8221;0&#8243; mobile_width=&#8221;0&#8243; width=&#8221;1\/1&#8243; uncode_shortcode_id=&#8221;380329&#8243;][vc_custom_heading text_color=&#8221;accent&#8221; heading_semantic=&#8221;h6&#8243; text_size=&#8221;h6&#8243; text_transform=&#8221;uppercase&#8221; badge_style=&#8221;yes&#8221; back_color=&#8221;color-xsdn&#8221; uncode_shortcode_id=&#8221;110104&#8243; text_color_type=&#8221;uncode-palette&#8221; back_color_type=&#8221;uncode-palette&#8221;]<strong>\u0160iuolaikin\u0117s vergov\u0117s ir prekybos \u017emon\u0117mis parei\u0161kimas<\/strong>[\/vc_custom_heading][vc_separator sep_color=&#8221;&#8221; uncode_shortcode_id=&#8221;170534&#8243;][\/vc_column_inner][\/vc_row_inner][vc_row_inner row_inner_height_percent=&#8221;0&#8243; overlay_alpha=&#8221;50&#8243; gutter_size=&#8221;4&#8243; shift_y=&#8221;0&#8243; z_index=&#8221;0&#8243; limit_content=&#8221;&#8221; uncode_shortcode_id=&#8221;183214&#8243;][vc_column_inner column_width_percent=&#8221;100&#8243; gutter_size=&#8221;3&#8243; style=&#8221;dark&#8221; overlay_alpha=&#8221;50&#8243; shift_x=&#8221;0&#8243; shift_y=&#8221;0&#8243; shift_y_down=&#8221;0&#8243; z_index=&#8221;0&#8243; medium_width=&#8221;0&#8243; mobile_width=&#8221;0&#8243; width=&#8221;1\/2&#8243; uncode_shortcode_id=&#8221;175971&#8243;][vc_custom_heading text_color=&#8221;accent&#8221; heading_semantic=&#8221;h3&#8243; text_size=&#8221;h1&#8243; text_weight=&#8221;800&#8243; text_transform=&#8221;uppercase&#8221; uncode_shortcode_id=&#8221;519639&#8243; text_color_type=&#8221;uncode-palette&#8221;]2024 10 &#8211; 2025 10[\/vc_custom_heading][\/vc_column_inner][vc_column_inner column_width_percent=&#8221;100&#8243; gutter_size=&#8221;3&#8243; style=&#8221;dark&#8221; overlay_alpha=&#8221;50&#8243; shift_x=&#8221;0&#8243; shift_y=&#8221;0&#8243; shift_y_down=&#8221;0&#8243; z_index=&#8221;0&#8243; medium_width=&#8221;0&#8243; mobile_width=&#8221;0&#8243; width=&#8221;1\/2&#8243; uncode_shortcode_id=&#8221;673033&#8243;][vc_column_text text_lead=&#8221;yes&#8221; uncode_shortcode_id=&#8221;947685&#8243;]<strong>\u012e\u017eanga<\/strong><br \/>\n\u201eToten Bygg\u201c pripa\u017e\u012fsta \u0161iuolaikin\u0117s vergov\u0117s egzistavim\u0105 \u0161iuolaikiniame pasaulyje. \u201eToten Bygg\u201c yra \u012fsipareigojusi kovoti su \u0161iuolaikine vergove ir prekyba \u017emon\u0117mis statyb\u0173 pramon\u0117je, kad ir kur tai egzistuot\u0173. \u201eToten Bygg\u201c pripa\u017e\u012fsta savo atsakomybes pagal 2015 m. \u0160iuolaikin\u0117s vergov\u0117s \u012fstatym\u0105 ir u\u017etikrins skaidrum\u0105 organizacijos viduje, taip pat su preki\u0173 ir paslaug\u0173 tiek\u0117jais bei visais, kurie sudaro \u201eToten Bygg\u201c tiekimo grandin\u0119.<\/p>\n<p><strong>M\u016bs\u0173 politika<\/strong><br \/>\n\u201eToten Bygg\u201c yra \u012fsipareigojusi veikti s\u0105\u017einingai visose savo veiklose, santykiuose ir tiekimo grandin\u0117se bei taiko nulin\u0117s tolerancijos princip\u0105 \u0161iuolaikinei vergovei ir prekybai \u017emon\u0117mis. Pasl\u0117ptas darbo i\u0161naudojimas yra nepriimtinas m\u016bs\u0173 ar bet kurioje kitoje pramon\u0117je.<\/p>\n<p>Siekdama \u012fgyvendinti \u0161\u012f \u012fsipareigojim\u0105, \u201eToten Bygg\u201c suk\u016br\u0117 politik\u0105, gaires, mokymus, steb\u0117senos ir per\u017ei\u016bros mechanizmus, kad informuot\u0173 m\u016bs\u0173 darbuotojus ir tiek\u0117jus apie vertybes, kuri\u0173 tikimasi, kad b\u016bt\u0173 laikomasi dirbant ar bendradarbiaujant su \u201eToten Bygg\u201c. Mokymai apie \u0161iuolaikin\u0119 vergov\u0119 yra vykdomi visoje \u012fmon\u0117je.<\/p>\n<p>\u201eToten Bygg\u201c elgesio kodeksas i\u0161d\u0117sto grup\u0117s \u012fsipareigojim\u0105 veikti eti\u0161kai su savo darbuotojais ir visose verslo santykiuose. \u017dmon\u0117s turi b\u016bti traktuojami su orumu ir pagarba bei, nesvarbu, ar tai darbuotojai, ar tiekimo grandin\u0117, tinkamai kompensuojami u\u017e atlikt\u0105 darb\u0105.<\/p>\n<p>\u201eToten Bygg\u201c taip pat \u012fgyvendino tiek\u0117j\u0173 elgesio kodeks\u0105, kuris nustato \u012fmon\u0117s principus d\u0117l eti\u0161ko tiekimo. \u0160is kodeksas nustato \u201eToten Bygg\u201c l\u016bkes\u010dius tiek\u0117jams, kad jie laikyt\u0173si taikom\u0173 teisini\u0173 ir etini\u0173 standart\u0173, \u012fskaitant \u017emogaus teises ir pagrindinius darbo standartus.<\/p>\n<p>\u201eToten Bygg\u201c nuolat tobulina \u0161ios politikos ir gairi\u0173 komunikavim\u0105 savo darbuotojams ir tiekimo grandin\u0117s partneriais. Jie taip pat nuolat per\u017ei\u016brimi. \u201eToten Bygg\u201c u\u017etikrins, kad kiekvieno \u0161iuolaikin\u0117s vergov\u0117s parei\u0161kimo paskelbimas b\u016bt\u0173 naudojamas kaip galimyb\u0117 padidinti \u0161ios problemos supratim\u0105 ir kiekvieno darbuotojo \u012fsipareigojimus \u0161iuo klausimu.<\/p>\n<p><strong>Klientai<\/strong><br \/>\n\u201eToten Bygg\u201c atkreipia d\u0117mes\u012f \u012f savo auk\u0161to lygio klient\u0173 \u012fsipareigojimus veikti kaip eti\u0161ki ir atsakingi verslo subjektai daugelyje sri\u010di\u0173, ypa\u010d kalbant apie \u0161iuolaikin\u0117s vergov\u0117s problem\u0105 pagal 2015 m. \u0160iuolaikin\u0117s vergov\u0117s \u012fstatym\u0105 ir lygiaver\u010dius \u012fstatymus \u0161alyse, kuriose dirbame. J\u0173 sutartys nustato auk\u0161\u010diausius standartus \u201eToten Bygg\u201c \u0161iais klausimais, kuriuos esame pasiry\u017e\u0119 laikytis.<\/p>\n<p><strong>Mokymai ir supratimas<\/strong><br \/>\n\u201eToten Bygg\u201c u\u017etikrina, kad jos politika b\u016bt\u0173 prieinama visiems darbuotojams ir prane\u0161ama apie bet kokius aktualius pakeitimus ar atnaujinimus. Siekdama paremti \u0161i\u0105 politik\u0105, \u201eToten Bygg\u201c teikia tinkamus mokymus savo darbuotojams, kad verslas b\u016bt\u0173 vykdomas s\u0105\u017einingai, eti\u0161kai ir profesionaliai.<\/p>\n<p><strong>I\u0161vada<\/strong><br \/>\n\u201eToten Bygg\u201c yra \u012fsipareigojusi imtis vis\u0173 b\u016btin\u0173 veiksm\u0173, kad u\u017etikrint\u0173, jog jokia vergov\u0117s forma nevykt\u0173 organizacijos viduje.\u010du. \u201eToten Bygg\u201c prisiima atsakomyb\u0119 u\u017e \u0161\u012f parei\u0161kim\u0105 ir jo tikslus, ir jis bus per\u017ei\u016brimas bei atnaujinamas kasmet.[\/vc_column_text][\/vc_column_inner][\/vc_row_inner][\/vc_column][vc_column width=&#8221;2\/12&#8243;][\/vc_column][\/vc_row]<\/p>\n<\/div>","protected":false},"excerpt":{"rendered":"<p>[vc_row unlock_row_content=&#8221;yes&#8221; row_height_percent=&#8221;0&#8243; override_padding=&#8221;yes&#8221; h_padding=&#8221;0&#8243; top_padding=&#8221;5&#8243; bottom_padding=&#8221;5&#8243; back_color=&#8221;color-jevc&#8221; overlay_alpha=&#8221;50&#8243; equal_height=&#8221;yes&#8221; gutter_size=&#8221;0&#8243; column_width_percent=&#8221;100&#8243; shift_y=&#8221;0&#8243; z_index=&#8221;0&#8243; content_parallax=&#8221;0&#8243; uncode_shortcode_id=&#8221;146614&#8243; back_color_type=&#8221;uncode-palette&#8221;][vc_column column_width_percent=&#8221;100&#8243; align_horizontal=&#8221;align_center&#8221; gutter_size=&#8221;3&#8243; [&hellip;]<\/p>\n","protected":false},"author":1,"featured_media":0,"parent":0,"menu_order":0,"comment_status":"closed","ping_status":"closed","template":"","meta":{"footnotes":""},"class_list":["post-294","page","type-page","status-publish","hentry"],"aioseo_notices":[],"_links":{"self":[{"href":"https:\/\/tb.make.lt\/lt\/wp-json\/wp\/v2\/pages\/294"}],"collection":[{"href":"https:\/\/tb.make.lt\/lt\/wp-json\/wp\/v2\/pages"}],"about":[{"href":"https:\/\/tb.make.lt\/lt\/wp-json\/wp\/v2\/types\/page"}],"author":[{"embeddable":true,"href":"https:\/\/tb.make.lt\/lt\/wp-json\/wp\/v2\/users\/1"}],"replies":[{"embeddable":true,"href":"https:\/\/tb.make.lt\/lt\/wp-json\/wp\/v2\/comments?post=294"}],"version-history":[{"count":4,"href":"https:\/\/tb.make.lt\/lt\/wp-json\/wp\/v2\/pages\/294\/revisions"}],"predecessor-version":[{"id":479,"href":"https:\/\/tb.make.lt\/lt\/wp-json\/wp\/v2\/pages\/294\/revisions\/479"}],"wp:attachment":[{"href":"https:\/\/tb.make.lt\/lt\/wp-json\/wp\/v2\/media?parent=294"}],"curies":[{"name":"wp","href":"https:\/\/api.w.org\/{rel}","templated":true}]}}