{"id":291,"date":"2024-09-23T09:50:33","date_gmt":"2024-09-23T07:50:33","guid":{"rendered":"https:\/\/tb.make.lt\/?page_id=291"},"modified":"2024-10-17T11:38:21","modified_gmt":"2024-10-17T09:38:21","slug":"atferdskodeks","status":"publish","type":"page","link":"https:\/\/tb.make.lt\/lt\/atferdskodeks\/","title":{"rendered":"kodeksas"},"content":{"rendered":"<div class=\"wpb-content-wrapper\"><p>[vc_row unlock_row_content=&#8221;yes&#8221; row_height_percent=&#8221;0&#8243; override_padding=&#8221;yes&#8221; h_padding=&#8221;0&#8243; top_padding=&#8221;5&#8243; bottom_padding=&#8221;5&#8243; back_color=&#8221;color-jevc&#8221; overlay_alpha=&#8221;50&#8243; equal_height=&#8221;yes&#8221; gutter_size=&#8221;0&#8243; column_width_percent=&#8221;100&#8243; shift_y=&#8221;0&#8243; z_index=&#8221;0&#8243; content_parallax=&#8221;0&#8243; uncode_shortcode_id=&#8221;146614&#8243; back_color_type=&#8221;uncode-palette&#8221;][vc_column column_width_percent=&#8221;100&#8243; align_horizontal=&#8221;align_center&#8221; gutter_size=&#8221;3&#8243; overlay_alpha=&#8221;50&#8243; shift_x=&#8221;0&#8243; shift_y=&#8221;0&#8243; shift_y_down=&#8221;0&#8243; z_index=&#8221;0&#8243; medium_width=&#8221;0&#8243; mobile_width=&#8221;0&#8243; width=&#8221;2\/12&#8243; uncode_shortcode_id=&#8221;129334&#8243;][\/vc_column][vc_column column_width_percent=&#8221;100&#8243; gutter_size=&#8221;4&#8243; override_padding=&#8221;yes&#8221; column_padding=&#8221;2&#8243; style=&#8221;dark&#8221; overlay_alpha=&#8221;50&#8243; shift_x=&#8221;0&#8243; shift_y=&#8221;0&#8243; shift_y_down=&#8221;0&#8243; z_index=&#8221;0&#8243; medium_width=&#8221;0&#8243; mobile_width=&#8221;0&#8243; css_animation=&#8221;alpha-anim&#8221; animation_speed=&#8221;1000&#8243; width=&#8221;8\/12&#8243; uncode_shortcode_id=&#8221;147435&#8243;][vc_row_inner row_inner_height_percent=&#8221;0&#8243; overlay_alpha=&#8221;50&#8243; gutter_size=&#8221;3&#8243; shift_y=&#8221;0&#8243; z_index=&#8221;0&#8243; uncode_shortcode_id=&#8221;213350&#8243; limit_content=&#8221;&#8221;][vc_column_inner column_width_percent=&#8221;100&#8243; gutter_size=&#8221;3&#8243; style=&#8221;dark&#8221; overlay_alpha=&#8221;50&#8243; shift_x=&#8221;0&#8243; shift_y=&#8221;0&#8243; shift_y_down=&#8221;0&#8243; z_index=&#8221;0&#8243; medium_width=&#8221;0&#8243; mobile_width=&#8221;0&#8243; width=&#8221;1\/1&#8243; uncode_shortcode_id=&#8221;380329&#8243;][vc_custom_heading text_color=&#8221;accent&#8221; heading_semantic=&#8221;h6&#8243; text_size=&#8221;h6&#8243; text_transform=&#8221;uppercase&#8221; badge_style=&#8221;yes&#8221; back_color=&#8221;color-xsdn&#8221; uncode_shortcode_id=&#8221;160684&#8243; text_color_type=&#8221;uncode-palette&#8221; back_color_type=&#8221;uncode-palette&#8221;]Kodeksas ir pagrindines atsakomybes[\/vc_custom_heading][vc_separator sep_color=&#8221;&#8221; uncode_shortcode_id=&#8221;170534&#8243;][\/vc_column_inner][\/vc_row_inner][vc_row_inner row_inner_height_percent=&#8221;0&#8243; overlay_alpha=&#8221;50&#8243; gutter_size=&#8221;4&#8243; shift_y=&#8221;0&#8243; z_index=&#8221;0&#8243; limit_content=&#8221;&#8221; uncode_shortcode_id=&#8221;183214&#8243;][vc_column_inner column_width_percent=&#8221;100&#8243; gutter_size=&#8221;3&#8243; style=&#8221;dark&#8221; overlay_alpha=&#8221;50&#8243; shift_x=&#8221;0&#8243; shift_y=&#8221;0&#8243; shift_y_down=&#8221;0&#8243; z_index=&#8221;0&#8243; medium_width=&#8221;0&#8243; mobile_width=&#8221;0&#8243; width=&#8221;1\/2&#8243; uncode_shortcode_id=&#8221;175971&#8243;][vc_custom_heading text_color=&#8221;accent&#8221; heading_semantic=&#8221;h3&#8243; text_size=&#8221;h1&#8243; text_weight=&#8221;800&#8243; text_transform=&#8221;uppercase&#8221; uncode_shortcode_id=&#8221;212334&#8243; text_color_type=&#8221;uncode-palette&#8221;]Elgesio kodeksas[\/vc_custom_heading][\/vc_column_inner][vc_column_inner column_width_percent=&#8221;100&#8243; gutter_size=&#8221;3&#8243; style=&#8221;dark&#8221; overlay_alpha=&#8221;50&#8243; shift_x=&#8221;0&#8243; shift_y=&#8221;0&#8243; shift_y_down=&#8221;0&#8243; z_index=&#8221;0&#8243; medium_width=&#8221;0&#8243; mobile_width=&#8221;0&#8243; width=&#8221;1\/2&#8243; uncode_shortcode_id=&#8221;673033&#8243;][vc_column_text text_lead=&#8221;yes&#8221; uncode_shortcode_id=&#8221;188686&#8243;]Verslo elgesio kodeksas nustato pagrindines atsakomybes ir pareigas, kuri\u0173 turi laikytis grup\u0117s darbuotojai, bei minimalius standartus, kuri\u0173 tikimasi i\u0161 m\u016bs\u0173 vis\u0173.<\/p>\n<p><strong>Intelektin\u0117 nuosavyb\u0117<\/strong><br \/>\nDarbuotojai privalo imtis pagr\u012fst\u0173 veiksm\u0173 siekiant apsaugoti grup\u0117s intelektin\u0117s nuosavyb\u0117s teises ir gerbti kit\u0173 asmen\u0173 tokias teises. Intelektin\u0117 nuosavyb\u0117, sukurta vykdant grup\u0117s veikl\u0105, priklauso grupei.<\/p>\n<p><strong>Konkurencija<\/strong><br \/>\nKonkurencijos teis\u0117 draud\u017eia susitarimus ar susitarim\u0173 sudarym\u0105 su konkurentais, susijusius su dalyvavimu konkurso procesuose, konkurso kainomis ar kita komerci\u0161kai jautria informacija, jei tai i\u0161kreipia konkurencij\u0105.<\/p>\n<p><strong>Interes\u0173 konfliktai<\/strong><br \/>\nKiekvienas darbuotojas turi u\u017etikrinti, kad j\u0173 asmeniniai interesai nekonfliktuot\u0173 su verslo interesais. Jei tokia situacija atsiranda, jie turi nedelsdami apie tai informuoti tiesiogin\u012f vadov\u0105.<\/p>\n<p><strong>Suk\u010diavimas, ky\u0161ininkavimas ir korupcija<\/strong><br \/>\nDuoti ar priimti ky\u0161ius ar bet kokius neteis\u0117tus mok\u0117jimus yra netinkama. Ky\u0161ininkavimas ir korupcija yra neteis\u0117ti visuose regionuose, kuriuose mes veikiame. \u201eToten Bygg\u201c yra pasiry\u017eusi u\u017ekirsti keli\u0105 suk\u010diavimui. Verslo elgesio kodeksas nustato pagrindines atsakomybes ir pareigas, kuri\u0173 turi laikytis grup\u0117s darbuotojai, bei minimalius standartus, kuri\u0173 tikimasi i\u0161 m\u016bs\u0173 vis\u0173.<\/p>\n<p><strong>Dovanos ir netinkami mok\u0117jimai<\/strong><br \/>\n\u201eToten Bygg\u201c politika nenumato, kad mes siektume daryti ar patirti netinkam\u0105 \u012ftak\u0105 dovanojimo ar dovan\u0173 gavimo b\u016bdu ar bet koki\u0173 kit\u0173 paskat\u0173, nepaisant to, kokios yra vietin\u0117s praktikos regionuose, kuriuose veikiame.<\/p>\n<p><strong>Tiksli apskaita ir pinig\u0173 plovimas<\/strong><br \/>\nB\u016btina u\u017etikrinti, kad neb\u016bt\u0173 ty\u010dinio ar neatsargaus grup\u0117s veiklos apskaitos \u012fra\u0161\u0173 ar ataskait\u0173 i\u0161kraipymo bei kad visos i\u0161laidos ir pajamos b\u016bt\u0173 tinkamai \u012fra\u0161ytos.<\/p>\n<p><strong>Konfidenciali informacija<\/strong><br \/>\nDarbuotojams neleid\u017eiama atskleisti konfidencialios informacijos jokiai \u0161aliai, net bendradarbiui, nebent i\u0161 anksto buvo suteiktas leidimas tai padaryti.<\/p>\n<p><strong>Grup\u0117s informacin\u0117s technologijos<\/strong><br \/>\nKiekvienas darbuotojas privalo atsakingai ir tinkamai naudotis grup\u0117s IT i\u0161tekliais, laikydamasis IT politikos.<\/p>\n<p><strong>Duomen\u0173 apsauga<\/strong><br \/>\nMes turime svarbi\u0105 pareig\u0105 visiems m\u016bs\u0173 darbuotojams ir tre\u010diosioms \u0161alims, su kuriomis dirbame, u\u017etikrinti, apsaugoti ir gerbti informacij\u0105, kuri\u0105 apie juos turime, bei u\u017etikrinti, kad ji visada b\u016bt\u0173 tvarkoma ir saugoma atsakingai.[\/vc_column_text][\/vc_column_inner][\/vc_row_inner][\/vc_column][vc_column width=&#8221;2\/12&#8243;][\/vc_column][\/vc_row]<\/p>\n<\/div>","protected":false},"excerpt":{"rendered":"<p>[vc_row unlock_row_content=&#8221;yes&#8221; row_height_percent=&#8221;0&#8243; override_padding=&#8221;yes&#8221; h_padding=&#8221;0&#8243; top_padding=&#8221;5&#8243; bottom_padding=&#8221;5&#8243; back_color=&#8221;color-jevc&#8221; overlay_alpha=&#8221;50&#8243; equal_height=&#8221;yes&#8221; gutter_size=&#8221;0&#8243; column_width_percent=&#8221;100&#8243; shift_y=&#8221;0&#8243; z_index=&#8221;0&#8243; content_parallax=&#8221;0&#8243; uncode_shortcode_id=&#8221;146614&#8243; back_color_type=&#8221;uncode-palette&#8221;][vc_column column_width_percent=&#8221;100&#8243; align_horizontal=&#8221;align_center&#8221; gutter_size=&#8221;3&#8243; [&hellip;]<\/p>\n","protected":false},"author":1,"featured_media":0,"parent":0,"menu_order":0,"comment_status":"closed","ping_status":"closed","template":"","meta":{"footnotes":""},"class_list":["post-291","page","type-page","status-publish","hentry"],"aioseo_notices":[],"_links":{"self":[{"href":"https:\/\/tb.make.lt\/lt\/wp-json\/wp\/v2\/pages\/291"}],"collection":[{"href":"https:\/\/tb.make.lt\/lt\/wp-json\/wp\/v2\/pages"}],"about":[{"href":"https:\/\/tb.make.lt\/lt\/wp-json\/wp\/v2\/types\/page"}],"author":[{"embeddable":true,"href":"https:\/\/tb.make.lt\/lt\/wp-json\/wp\/v2\/users\/1"}],"replies":[{"embeddable":true,"href":"https:\/\/tb.make.lt\/lt\/wp-json\/wp\/v2\/comments?post=291"}],"version-history":[{"count":5,"href":"https:\/\/tb.make.lt\/lt\/wp-json\/wp\/v2\/pages\/291\/revisions"}],"predecessor-version":[{"id":477,"href":"https:\/\/tb.make.lt\/lt\/wp-json\/wp\/v2\/pages\/291\/revisions\/477"}],"wp:attachment":[{"href":"https:\/\/tb.make.lt\/lt\/wp-json\/wp\/v2\/media?parent=291"}],"curies":[{"name":"wp","href":"https:\/\/api.w.org\/{rel}","templated":true}]}}