{"id":289,"date":"2024-09-23T09:46:02","date_gmt":"2024-09-23T07:46:02","guid":{"rendered":"https:\/\/tb.make.lt\/?page_id=289"},"modified":"2024-10-17T11:49:16","modified_gmt":"2024-10-17T09:49:16","slug":"personvernregler","status":"publish","type":"page","link":"https:\/\/tb.make.lt\/lt\/personvernregler\/","title":{"rendered":"Privatumo Politika"},"content":{"rendered":"<div class=\"wpb-content-wrapper\"><p>[vc_row unlock_row_content=&#8221;yes&#8221; row_height_percent=&#8221;0&#8243; override_padding=&#8221;yes&#8221; h_padding=&#8221;0&#8243; top_padding=&#8221;5&#8243; bottom_padding=&#8221;5&#8243; back_color=&#8221;color-jevc&#8221; overlay_alpha=&#8221;50&#8243; equal_height=&#8221;yes&#8221; gutter_size=&#8221;0&#8243; column_width_percent=&#8221;100&#8243; shift_y=&#8221;0&#8243; z_index=&#8221;0&#8243; content_parallax=&#8221;0&#8243; uncode_shortcode_id=&#8221;146614&#8243; back_color_type=&#8221;uncode-palette&#8221;][vc_column column_width_percent=&#8221;100&#8243; align_horizontal=&#8221;align_center&#8221; gutter_size=&#8221;3&#8243; overlay_alpha=&#8221;50&#8243; shift_x=&#8221;0&#8243; shift_y=&#8221;0&#8243; shift_y_down=&#8221;0&#8243; z_index=&#8221;0&#8243; medium_width=&#8221;0&#8243; mobile_width=&#8221;0&#8243; width=&#8221;2\/12&#8243; uncode_shortcode_id=&#8221;129334&#8243;][\/vc_column][vc_column column_width_percent=&#8221;100&#8243; gutter_size=&#8221;4&#8243; override_padding=&#8221;yes&#8221; column_padding=&#8221;2&#8243; style=&#8221;dark&#8221; overlay_alpha=&#8221;50&#8243; shift_x=&#8221;0&#8243; shift_y=&#8221;0&#8243; shift_y_down=&#8221;0&#8243; z_index=&#8221;0&#8243; medium_width=&#8221;0&#8243; mobile_width=&#8221;0&#8243; css_animation=&#8221;alpha-anim&#8221; animation_speed=&#8221;1000&#8243; width=&#8221;8\/12&#8243; uncode_shortcode_id=&#8221;147435&#8243;][vc_row_inner row_inner_height_percent=&#8221;0&#8243; overlay_alpha=&#8221;50&#8243; gutter_size=&#8221;3&#8243; shift_y=&#8221;0&#8243; z_index=&#8221;0&#8243; uncode_shortcode_id=&#8221;213350&#8243; limit_content=&#8221;&#8221;][vc_column_inner column_width_percent=&#8221;100&#8243; gutter_size=&#8221;3&#8243; style=&#8221;dark&#8221; overlay_alpha=&#8221;50&#8243; shift_x=&#8221;0&#8243; shift_y=&#8221;0&#8243; shift_y_down=&#8221;0&#8243; z_index=&#8221;0&#8243; medium_width=&#8221;0&#8243; mobile_width=&#8221;0&#8243; width=&#8221;1\/1&#8243; uncode_shortcode_id=&#8221;380329&#8243;][vc_custom_heading text_color=&#8221;accent&#8221; heading_semantic=&#8221;h6&#8243; text_size=&#8221;h6&#8243; text_transform=&#8221;uppercase&#8221; badge_style=&#8221;yes&#8221; back_color=&#8221;color-xsdn&#8221; uncode_shortcode_id=&#8221;634032&#8243; text_color_type=&#8221;uncode-palette&#8221; back_color_type=&#8221;uncode-palette&#8221;]J\u016bs\u0173 privatumas mums svarbus[\/vc_custom_heading][vc_separator sep_color=&#8221;&#8221; uncode_shortcode_id=&#8221;170534&#8243;][\/vc_column_inner][\/vc_row_inner][vc_row_inner row_inner_height_percent=&#8221;0&#8243; overlay_alpha=&#8221;50&#8243; gutter_size=&#8221;4&#8243; shift_y=&#8221;0&#8243; z_index=&#8221;0&#8243; limit_content=&#8221;&#8221; uncode_shortcode_id=&#8221;183214&#8243;][vc_column_inner column_width_percent=&#8221;100&#8243; gutter_size=&#8221;3&#8243; style=&#8221;dark&#8221; overlay_alpha=&#8221;50&#8243; shift_x=&#8221;0&#8243; shift_y=&#8221;0&#8243; shift_y_down=&#8221;0&#8243; z_index=&#8221;0&#8243; medium_width=&#8221;0&#8243; mobile_width=&#8221;0&#8243; width=&#8221;1\/2&#8243; uncode_shortcode_id=&#8221;175971&#8243;][vc_custom_heading text_color=&#8221;accent&#8221; heading_semantic=&#8221;h3&#8243; text_size=&#8221;h1&#8243; text_weight=&#8221;800&#8243; text_transform=&#8221;uppercase&#8221; uncode_shortcode_id=&#8221;114890&#8243; text_color_type=&#8221;uncode-palette&#8221;]Privatumo politika[\/vc_custom_heading][\/vc_column_inner][vc_column_inner column_width_percent=&#8221;100&#8243; gutter_size=&#8221;3&#8243; style=&#8221;dark&#8221; overlay_alpha=&#8221;50&#8243; shift_x=&#8221;0&#8243; shift_y=&#8221;0&#8243; shift_y_down=&#8221;0&#8243; z_index=&#8221;0&#8243; medium_width=&#8221;0&#8243; mobile_width=&#8221;0&#8243; width=&#8221;1\/2&#8243; uncode_shortcode_id=&#8221;673033&#8243;][vc_column_text text_lead=&#8221;yes&#8221; uncode_shortcode_id=&#8221;843707&#8243;]\u0160is privatumo parei\u0161kimas susij\u0119s su m\u016bs\u0173 privatumo praktika, kai \u0161ioje svetain\u0117je renkama, saugoma, dalijamasi arba saugoma asmenin\u0117 informacija, kuri\u0105 pateikiate naudodamiesi m\u016bs\u0173 svetaine. Mes pasiliekame teis\u0119 bet kuriuo metu pakeisti \u0161\u012f privatumo parei\u0161kim\u0105.<\/p>\n<p><strong>Asmenin\u0117 informacija, kuri yra renkami<\/strong><br \/>\nSlapuk\u0173 renkami duomenys yra naudojami toliau nurodytais tikslais. Bet kokia kita surinkta informacija yra pateikta tre\u010diosios \u0161alies naudotojo ir yra saugoma siekiant spr\u0119sti komunikacijos dalyk\u0105, nesvarbu, ar tai b\u016bt\u0173 darbo parai\u0161ka \u201eToten Bygg\u201c, ar kitas atvejis.<\/p>\n<p>Tarp asmenin\u0117s informacijos, kuri renkama naudojantis \u0161ia svetaine, pa\u010dios svetain\u0117s ar tre\u010diosios \u0161alies pagalba, yra: slapukai, naudojimo duomenys, vardas, pavard\u0117, telefono numeris, \u012fmon\u0117s pavadinimas, el. pa\u0161to adresas ir gyvenimo apra\u0161ymas (CV).<\/p>\n<p>\u201eToten Bygg\u201c rimtai \u017ei\u016bri \u012f duomen\u0173 saugum\u0105. Mes taikome tinkamiausias fizines ir technines saugumo priemones, taip pat darbuotoj\u0173 mokymus ir s\u0105moningum\u0105, siekdami u\u017ekirsti keli\u0105 neleistinam asmenin\u0117s informacijos prieigai, atskleidimui, pakeitimui ar sunaikinimui.<\/p>\n<p><strong>Slapukai<\/strong><br \/>\n\u201eSlapukas\u201c yra duomen\u0173 blokas, kur\u012f svetain\u0117s serveris \u012fra\u0161o j\u016bs\u0173 kompiuteryje ir gali b\u016bti saugomas j\u016bs\u0173 kompiuteryje arba mobiliajame \u012frenginyje. Tai leid\u017eia svetainei \u201eprisiminti\u201c j\u016bs\u0173 veiksmus ar pasirinkimus tam tikr\u0105 laik\u0105. \u0160i informacija renkama automati\u0161kai naudojantis \u0161ia svetaine ir naudojama tik siekiant identifikuoti jus ir prisiminti j\u016bs\u0173 nustatymus, kad gal\u0117tume jums u\u017etikrinti geriausi\u0105 naudotojo patirt\u012f svetain\u0117je. M\u016bs\u0173 svetain\u0117je naudojami \u012fvair\u016bs slapukai ir \u201eGoogle Analytics\u201c slapukai \u0161iems tikslams pasiekti. Kartais gali b\u016bti prid\u0117ta nauj\u0173 slapuk\u0173 siekiant pagerinti svetain\u0117s na\u0161um\u0105 ir naudojim\u0105si.<\/p>\n<p><strong>Analitikos slapukai<\/strong><br \/>\nAnalitiniai slapukai yra nuolatiniai slapukai, kurie leid\u017eia mums atpa\u017einti ir skai\u010diuoti lankytojus bei pateikti anoniminius duomenis apie tai, kaip lankytojai naudojasi m\u016bs\u0173 svetain\u0117mis.<\/p>\n<p>Naudodami analitinius slapukus padedame tobulinti svetaini\u0173 veikim\u0105 ir nar\u0161ym\u0105, u\u017etikrindami, kad naudotojai gal\u0117t\u0173 lengvai rasti tai, ko ie\u0161ko. Jokie asmeniniai duomenys, leid\u017eiantys jus identifikuoti, n\u0117ra renkami.[\/vc_column_text][\/vc_column_inner][\/vc_row_inner][\/vc_column][vc_column width=&#8221;2\/12&#8243;][\/vc_column][\/vc_row]<\/p>\n<\/div>","protected":false},"excerpt":{"rendered":"<p>[vc_row unlock_row_content=&#8221;yes&#8221; row_height_percent=&#8221;0&#8243; override_padding=&#8221;yes&#8221; h_padding=&#8221;0&#8243; top_padding=&#8221;5&#8243; bottom_padding=&#8221;5&#8243; back_color=&#8221;color-jevc&#8221; overlay_alpha=&#8221;50&#8243; equal_height=&#8221;yes&#8221; gutter_size=&#8221;0&#8243; column_width_percent=&#8221;100&#8243; shift_y=&#8221;0&#8243; z_index=&#8221;0&#8243; content_parallax=&#8221;0&#8243; uncode_shortcode_id=&#8221;146614&#8243; back_color_type=&#8221;uncode-palette&#8221;][vc_column column_width_percent=&#8221;100&#8243; align_horizontal=&#8221;align_center&#8221; gutter_size=&#8221;3&#8243; [&hellip;]<\/p>\n","protected":false},"author":1,"featured_media":0,"parent":0,"menu_order":0,"comment_status":"closed","ping_status":"closed","template":"","meta":{"footnotes":""},"class_list":["post-289","page","type-page","status-publish","hentry"],"aioseo_notices":[],"_links":{"self":[{"href":"https:\/\/tb.make.lt\/lt\/wp-json\/wp\/v2\/pages\/289"}],"collection":[{"href":"https:\/\/tb.make.lt\/lt\/wp-json\/wp\/v2\/pages"}],"about":[{"href":"https:\/\/tb.make.lt\/lt\/wp-json\/wp\/v2\/types\/page"}],"author":[{"embeddable":true,"href":"https:\/\/tb.make.lt\/lt\/wp-json\/wp\/v2\/users\/1"}],"replies":[{"embeddable":true,"href":"https:\/\/tb.make.lt\/lt\/wp-json\/wp\/v2\/comments?post=289"}],"version-history":[{"count":4,"href":"https:\/\/tb.make.lt\/lt\/wp-json\/wp\/v2\/pages\/289\/revisions"}],"predecessor-version":[{"id":482,"href":"https:\/\/tb.make.lt\/lt\/wp-json\/wp\/v2\/pages\/289\/revisions\/482"}],"wp:attachment":[{"href":"https:\/\/tb.make.lt\/lt\/wp-json\/wp\/v2\/media?parent=289"}],"curies":[{"name":"wp","href":"https:\/\/api.w.org\/{rel}","templated":true}]}}