{"id":286,"date":"2024-09-23T09:41:36","date_gmt":"2024-09-23T07:41:36","guid":{"rendered":"https:\/\/tb.make.lt\/?page_id=286"},"modified":"2024-10-17T10:59:27","modified_gmt":"2024-10-17T08:59:27","slug":"vilkar","status":"publish","type":"page","link":"https:\/\/tb.make.lt\/lt\/vilkar\/","title":{"rendered":"S\u0105lygos"},"content":{"rendered":"<div class=\"wpb-content-wrapper\"><p>[vc_row unlock_row_content=&#8221;yes&#8221; row_height_percent=&#8221;0&#8243; override_padding=&#8221;yes&#8221; h_padding=&#8221;0&#8243; top_padding=&#8221;5&#8243; bottom_padding=&#8221;5&#8243; back_color=&#8221;color-jevc&#8221; overlay_alpha=&#8221;50&#8243; equal_height=&#8221;yes&#8221; gutter_size=&#8221;0&#8243; column_width_percent=&#8221;100&#8243; shift_y=&#8221;0&#8243; z_index=&#8221;0&#8243; content_parallax=&#8221;0&#8243; uncode_shortcode_id=&#8221;146614&#8243; back_color_type=&#8221;uncode-palette&#8221; shape_dividers=&#8221;&#8221;][vc_column column_width_percent=&#8221;100&#8243; align_horizontal=&#8221;align_center&#8221; gutter_size=&#8221;3&#8243; overlay_alpha=&#8221;50&#8243; shift_x=&#8221;0&#8243; shift_y=&#8221;0&#8243; shift_y_down=&#8221;0&#8243; z_index=&#8221;0&#8243; medium_width=&#8221;0&#8243; mobile_width=&#8221;0&#8243; width=&#8221;2\/12&#8243; uncode_shortcode_id=&#8221;129334&#8243;][\/vc_column][vc_column column_width_percent=&#8221;100&#8243; gutter_size=&#8221;4&#8243; override_padding=&#8221;yes&#8221; column_padding=&#8221;2&#8243; style=&#8221;dark&#8221; overlay_alpha=&#8221;50&#8243; shift_x=&#8221;0&#8243; shift_y=&#8221;0&#8243; shift_y_down=&#8221;0&#8243; z_index=&#8221;0&#8243; medium_width=&#8221;0&#8243; mobile_width=&#8221;0&#8243; css_animation=&#8221;alpha-anim&#8221; animation_speed=&#8221;1000&#8243; width=&#8221;8\/12&#8243; uncode_shortcode_id=&#8221;147435&#8243;][vc_row_inner row_inner_height_percent=&#8221;0&#8243; overlay_alpha=&#8221;50&#8243; gutter_size=&#8221;3&#8243; shift_y=&#8221;0&#8243; z_index=&#8221;0&#8243; uncode_shortcode_id=&#8221;213350&#8243; limit_content=&#8221;&#8221;][vc_column_inner column_width_percent=&#8221;100&#8243; gutter_size=&#8221;3&#8243; style=&#8221;dark&#8221; overlay_alpha=&#8221;50&#8243; shift_x=&#8221;0&#8243; shift_y=&#8221;0&#8243; shift_y_down=&#8221;0&#8243; z_index=&#8221;0&#8243; medium_width=&#8221;0&#8243; mobile_width=&#8221;0&#8243; width=&#8221;1\/1&#8243; uncode_shortcode_id=&#8221;380329&#8243;][vc_custom_heading text_color=&#8221;accent&#8221; heading_semantic=&#8221;h6&#8243; text_size=&#8221;h6&#8243; text_transform=&#8221;uppercase&#8221; badge_style=&#8221;yes&#8221; back_color=&#8221;color-xsdn&#8221; uncode_shortcode_id=&#8221;117807&#8243; text_color_type=&#8221;uncode-palette&#8221; back_color_type=&#8221;uncode-palette&#8221;]Prieiga prie \u0161ios svetain\u0117s ir jos naudojimas[\/vc_custom_heading][vc_separator sep_color=&#8221;&#8221; uncode_shortcode_id=&#8221;170534&#8243;][\/vc_column_inner][\/vc_row_inner][vc_row_inner row_inner_height_percent=&#8221;0&#8243; overlay_alpha=&#8221;50&#8243; gutter_size=&#8221;4&#8243; shift_y=&#8221;0&#8243; z_index=&#8221;0&#8243; limit_content=&#8221;&#8221; uncode_shortcode_id=&#8221;183214&#8243;][vc_column_inner column_width_percent=&#8221;100&#8243; gutter_size=&#8221;3&#8243; style=&#8221;dark&#8221; overlay_alpha=&#8221;50&#8243; shift_x=&#8221;0&#8243; shift_y=&#8221;0&#8243; shift_y_down=&#8221;0&#8243; z_index=&#8221;0&#8243; medium_width=&#8221;0&#8243; mobile_width=&#8221;0&#8243; width=&#8221;1\/2&#8243; uncode_shortcode_id=&#8221;175971&#8243;][vc_custom_heading text_color=&#8221;accent&#8221; heading_semantic=&#8221;h3&#8243; text_size=&#8221;h1&#8243; text_weight=&#8221;800&#8243; text_transform=&#8221;uppercase&#8221; uncode_shortcode_id=&#8221;484322&#8243; text_color_type=&#8221;uncode-palette&#8221;]S\u0104LYGOS[\/vc_custom_heading][\/vc_column_inner][vc_column_inner column_width_percent=&#8221;100&#8243; gutter_size=&#8221;3&#8243; style=&#8221;dark&#8221; overlay_alpha=&#8221;50&#8243; shift_x=&#8221;0&#8243; shift_y=&#8221;0&#8243; shift_y_down=&#8221;0&#8243; z_index=&#8221;0&#8243; medium_width=&#8221;0&#8243; mobile_width=&#8221;0&#8243; width=&#8221;1\/2&#8243; uncode_shortcode_id=&#8221;673033&#8243;][vc_column_text text_lead=&#8221;yes&#8221; uncode_shortcode_id=&#8221;922365&#8243;]Yra teikiami pagal Naudojimo s\u0105lygas, kurias tur\u0117tum\u0117te atid\u017eiai perskaityti. Toliau naudodamiesi svetaine, sutinkate su \u0161iomis s\u0105lygomis. Nors \u201eToten Bygg\u201c \u0117m\u0117si vis\u0173 pagr\u012fst\u0173 priemoni\u0173 siekdama u\u017etikrinti informacijos \u0161ioje svetain\u0117je tikslum\u0105 ir i\u0161samum\u0105, ji neprisiima jokios teisin\u0117s atsakomyb\u0117s d\u0117l bet koki\u0173 netikslum\u0173 ar nebaigtum\u0173 \u0161ioje informacijoje.<\/p>\n<p>\u201eToten Bygg\u201c neatsako u\u017e jokio kito svetain\u0117s puslapio, \u012f kur\u012f yra nuorod\u0173 ar s\u0105saj\u0173, turin\u012f.<\/p>\n<p><strong>Atsakomyb\u0117s apribojimas:<\/strong> Kalbant apie dokumentus ar failus, pasiekiamus i\u0161 \u0161io serverio, nei \u201eToten Bygg\u201c, nei bet kuris jos darbuotojas nesuteikia jokios ai\u0161kios ar numanomos garantijos, \u012fskaitant prekin\u0117s kokyb\u0117s ir tinkamumo tam tikram tikslui garantijas, ir neprisiima jokios teisin\u0117s atsakomyb\u0117s u\u017e pateiktos informacijos, \u012frangos, produkt\u0173 ar proces\u0173 tikslum\u0105, i\u0161samum\u0105 ar naudingum\u0105. Taip pat n\u0117ra garantuojama, kad j\u0173 naudojimas nepa\u017eeis priva\u010di\u0173 teisi\u0173.<\/p>\n<p><strong>Autori\u0173 teisi\u0173 statusas:<\/strong> Jei nenurodyta kitaip, autori\u0173 teis\u0117s ir bet kokios kitos teis\u0117s \u012f vis\u0105 \u0161ioje svetain\u0117je esan\u010di\u0105 med\u017eiag\u0105 priklauso \u201eToten Bygg\u201c.<\/p>\n<p>\u0160ios svetain\u0117s dokument\u0173 ir susijusi\u0173 grafini\u0173 vaizd\u0173 naudojimas yra skirtas tik informacijai ir\/ar asmeniniam naudojimui. Bet kokie \u0161i\u0173 puslapi\u0173 kopijos, i\u0161saugoti diske ar bet kurioje kitoje saugojimo laikmenoje, gali b\u016bti naudojami tik v\u0117lesniam per\u017ei\u016brai arba i\u0161trauk\u0173 spausdinimui asmeniniam naudojimui. Jokie \u0161ios svetain\u0117s dokumentai ar susij\u0119 grafiniai vaizdai negali b\u016bti modifikuojami. Grafikos elementai \u0161ioje svetain\u0117je negali b\u016bti naudojami atskirai nuo juos lydin\u010dio teksto.<\/p>\n<p>Jokia \u0161ios svetain\u0117s dalis negali b\u016bti atkuriama arba saugoma kitoje svetain\u0117je ar \u012ftraukta \u012f jokias vie\u0161as ar priva\u010dias elektronines paie\u0161kos sistemas ar paslaugas be i\u0161ankstinio ra\u0161ti\u0161ko \u201eToten Bygg\u201c sutikimo. Be i\u0161ankstinio ra\u0161ti\u0161ko \u201eToten Bygg\u201c leidimo negali b\u016bti naudojami ar rodomi \u201eToten Bygg\u201c pavadinimai ar logotipai.<\/p>\n<p>Visos teis\u0117s, kurios n\u0117ra ai\u0161kiai suteiktos \u0161iose s\u0105lygose, yra saugomos.[\/vc_column_text][\/vc_column_inner][\/vc_row_inner][\/vc_column][vc_column width=&#8221;2\/12&#8243;][\/vc_column][\/vc_row]<\/p>\n<\/div>","protected":false},"excerpt":{"rendered":"<p>[vc_row unlock_row_content=&#8221;yes&#8221; row_height_percent=&#8221;0&#8243; override_padding=&#8221;yes&#8221; h_padding=&#8221;0&#8243; top_padding=&#8221;5&#8243; bottom_padding=&#8221;5&#8243; back_color=&#8221;color-jevc&#8221; overlay_alpha=&#8221;50&#8243; equal_height=&#8221;yes&#8221; gutter_size=&#8221;0&#8243; column_width_percent=&#8221;100&#8243; shift_y=&#8221;0&#8243; z_index=&#8221;0&#8243; content_parallax=&#8221;0&#8243; uncode_shortcode_id=&#8221;146614&#8243; back_color_type=&#8221;uncode-palette&#8221; shape_dividers=&#8221;&#8221;][vc_column column_width_percent=&#8221;100&#8243; align_horizontal=&#8221;align_center&#8221; [&hellip;]<\/p>\n","protected":false},"author":1,"featured_media":0,"parent":0,"menu_order":0,"comment_status":"closed","ping_status":"closed","template":"","meta":{"footnotes":""},"class_list":["post-286","page","type-page","status-publish","hentry"],"aioseo_notices":[],"_links":{"self":[{"href":"https:\/\/tb.make.lt\/lt\/wp-json\/wp\/v2\/pages\/286"}],"collection":[{"href":"https:\/\/tb.make.lt\/lt\/wp-json\/wp\/v2\/pages"}],"about":[{"href":"https:\/\/tb.make.lt\/lt\/wp-json\/wp\/v2\/types\/page"}],"author":[{"embeddable":true,"href":"https:\/\/tb.make.lt\/lt\/wp-json\/wp\/v2\/users\/1"}],"replies":[{"embeddable":true,"href":"https:\/\/tb.make.lt\/lt\/wp-json\/wp\/v2\/comments?post=286"}],"version-history":[{"count":4,"href":"https:\/\/tb.make.lt\/lt\/wp-json\/wp\/v2\/pages\/286\/revisions"}],"predecessor-version":[{"id":472,"href":"https:\/\/tb.make.lt\/lt\/wp-json\/wp\/v2\/pages\/286\/revisions\/472"}],"wp:attachment":[{"href":"https:\/\/tb.make.lt\/lt\/wp-json\/wp\/v2\/media?parent=286"}],"curies":[{"name":"wp","href":"https:\/\/api.w.org\/{rel}","templated":true}]}}